{"id":455,"date":"2022-04-11T07:54:03","date_gmt":"2022-04-11T07:54:03","guid":{"rendered":"https:\/\/incyteonco.ca\/login\/"},"modified":"2025-09-24T06:10:53","modified_gmt":"2025-09-24T06:10:53","slug":"login","status":"publish","type":"page","link":"https:\/\/incyteonco.ca\/fr\/","title":{"rendered":"Login"},"content":{"rendered":"\t\t<div data-elementor-type=\"wp-page\" data-elementor-id=\"455\" class=\"elementor elementor-455\">\n\t\t\t\t\t\t<section class=\"elementor-section elementor-top-section elementor-element elementor-element-3c98e449 elementor-section-full_width elementor-section-height-min-height elementor-section-items-stretch elementor-section-content-middle elementor-hidden-mobile elementor-section-height-default\" data-id=\"3c98e449\" data-element_type=\"section\" data-settings=\"{&quot;background_background&quot;:&quot;classic&quot;}\">\n\t\t\t\t\t\t<div class=\"elementor-container elementor-column-gap-default\">\n\t\t\t\t\t<div class=\"elementor-column elementor-col-100 elementor-top-column elementor-element elementor-element-2146d0fa\" data-id=\"2146d0fa\" data-element_type=\"column\" id=\"outerLoginDiv\" data-settings=\"{&quot;background_background&quot;:&quot;gradient&quot;}\">\n\t\t\t<div class=\"elementor-widget-wrap elementor-element-populated\">\n\t\t\t\t\t\t<section class=\"elementor-section elementor-inner-section elementor-element elementor-element-3857dd5f elementor-section-boxed elementor-section-height-default elementor-section-height-default\" data-id=\"3857dd5f\" data-element_type=\"section\">\n\t\t\t\t\t\t<div class=\"elementor-container elementor-column-gap-no\">\n\t\t\t\t\t<div class=\"elementor-column elementor-col-100 elementor-inner-column elementor-element elementor-element-2787a9c1\" data-id=\"2787a9c1\" data-element_type=\"column\" id=\"innerLoginDiv\">\n\t\t\t<div class=\"elementor-widget-wrap elementor-element-populated\">\n\t\t\t\t\t\t<div class=\"elementor-element elementor-element-1d06bbf4 sideArrow elementor-widget elementor-widget-html\" data-id=\"1d06bbf4\" data-element_type=\"widget\" data-widget_type=\"html.default\">\n\t\t\t\t<div class=\"elementor-widget-container\">\n\t\t\t\t\t&nbsp;\t\t\t\t<\/div>\n\t\t\t\t<\/div>\n\t\t\t\t<div class=\"elementor-element elementor-element-1a859253 elementor-widget elementor-widget-heading\" data-id=\"1a859253\" data-element_type=\"widget\" data-widget_type=\"heading.default\">\n\t\t\t\t<div class=\"elementor-widget-container\">\n\t\t\t\t\t<h2 class=\"elementor-heading-title elementor-size-default\"><span style=\"color:white\">VOUS \u00caTES UN PROFESSIONNEL DE LA SANT\u00c9?<\/span><\/h2>\t\t\t\t<\/div>\n\t\t\t\t<\/div>\n\t\t\t\t<div class=\"elementor-element elementor-element-7ff90af1 elementor-widget elementor-widget-text-editor\" data-id=\"7ff90af1\" data-element_type=\"widget\" data-widget_type=\"text-editor.default\">\n\t\t\t\t<div class=\"elementor-widget-container\">\n\t\t\t\t\t\t\t\t\t<h4 style=\"margin: 0;\"><span style=\"color: white;\">Ce site Web s\u2019adresse exclusivement aux professionnels de la sant\u00e9 du Canada.<\/span><\/h4>\t\t\t\t\t\t\t\t<\/div>\n\t\t\t\t<\/div>\n\t\t\t\t<div class=\"elementor-element elementor-element-49120bc2 elementor-widget elementor-widget-text-editor\" data-id=\"49120bc2\" data-element_type=\"widget\" data-widget_type=\"text-editor.default\">\n\t\t\t\t<div class=\"elementor-widget-container\">\n\t\t\t\t\t\t\t\t\t<h4 style=\"margin: 0;\"><span style=\"color: white;\">Veuillez entrer votre num\u00e9ro de permis d\u2019exercice dans le champ ci-dessous.<\/span><\/h4>\t\t\t\t\t\t\t\t<\/div>\n\t\t\t\t<\/div>\n\t\t\t\t<div class=\"elementor-element elementor-element-7f9747d elementor-widget elementor-widget-text-editor\" data-id=\"7f9747d\" data-element_type=\"widget\" data-widget_type=\"text-editor.default\">\n\t\t\t\t<div class=\"elementor-widget-container\">\n\t\t\t\t\t\t\t\t\t<form class=\"lic_login license_form\" action=\"https:\/\/incyteonco.ca\/fr\/home\/\" method=\"post\">\n<div class=\"lic_no\"><input class=\"input\" name=\"license_number\" required=\"\" type=\"text\" placeholder=\"N\u1d3c de permis d\u2019exercice\" \/><\/div>\n<div class=\"email\"><input class=\"input\" name=\"license_email\" type=\"email\" placeholder=\"Adresse courriel (optionnel)\" \/><\/div>\n<div class=\"checkbox\" style=\"margin-bottom: 20px;\"><input name=\"vehicle1\" type=\"checkbox\" value=\"subscribe\" \/><label for=\"subscribe\"> J&rsquo;aimerais recevoir les prochaines mises \u00e0 jour et d&rsquo;autres ressources d&rsquo;Incyte.<\/label><\/div>\n<div class=\"sub_btn\"><input class=\"btn submit-license-btn\" type=\"submit\" value=\"Soumettre\" \/><\/div>\n<\/form>\t\t\t\t\t\t\t\t<\/div>\n\t\t\t\t<\/div>\n\t\t\t\t<div class=\"elementor-element elementor-element-463348d9 elementor-widget elementor-widget-image\" data-id=\"463348d9\" data-element_type=\"widget\" data-widget_type=\"image.default\">\n\t\t\t\t<div class=\"elementor-widget-container\">\n\t\t\t\t\t\t\t\t\t\t\t\t\t\t\t<img fetchpriority=\"high\" decoding=\"async\" width=\"500\" height=\"334\" src=\"https:\/\/incyteonco.ca\/wp-content\/uploads\/2022\/04\/Incyte-wht-logo.png\" class=\"attachment-full size-full wp-image-444\" alt=\"\" srcset=\"https:\/\/incyteonco.ca\/wp-content\/uploads\/2022\/04\/Incyte-wht-logo.png 500w, https:\/\/incyteonco.ca\/wp-content\/uploads\/2022\/04\/Incyte-wht-logo-300x200.png 300w\" sizes=\"(max-width: 500px) 100vw, 500px\" \/>\t\t\t\t\t\t\t\t\t\t\t\t\t\t\t<\/div>\n\t\t\t\t<\/div>\n\t\t\t\t\t<\/div>\n\t\t<\/div>\n\t\t\t\t\t<\/div>\n\t\t<\/section>\n\t\t\t\t\t<\/div>\n\t\t<\/div>\n\t\t\t\t\t<\/div>\n\t\t<\/section>\n\t\t\t\t<section class=\"elementor-section elementor-top-section elementor-element elementor-element-3f3dc374 elementor-section-full_width elementor-section-height-min-height elementor-section-items-stretch elementor-section-content-top elementor-section-stretched elementor-hidden-desktop elementor-hidden-tablet primeDiv elementor-section-height-default\" data-id=\"3f3dc374\" data-element_type=\"section\" data-settings=\"{&quot;background_background&quot;:&quot;classic&quot;,&quot;stretch_section&quot;:&quot;section-stretched&quot;}\">\n\t\t\t\t\t\t<div class=\"elementor-container elementor-column-gap-default\">\n\t\t\t\t\t<div class=\"elementor-column elementor-col-100 elementor-top-column elementor-element elementor-element-255171ef\" data-id=\"255171ef\" data-element_type=\"column\" data-settings=\"{&quot;background_background&quot;:&quot;classic&quot;}\">\n\t\t\t<div class=\"elementor-widget-wrap elementor-element-populated\">\n\t\t\t\t\t\t<section class=\"elementor-section elementor-inner-section elementor-element elementor-element-601d5dee elementor-section-full_width elementor-section-height-min-height elementor-section-content-top outerLoginDiv elementor-section-height-default\" data-id=\"601d5dee\" data-element_type=\"section\" data-settings=\"{&quot;background_background&quot;:&quot;classic&quot;}\">\n\t\t\t\t\t\t<div class=\"elementor-container elementor-column-gap-default\">\n\t\t\t\t\t<div class=\"elementor-column elementor-col-50 elementor-inner-column elementor-element elementor-element-525d13fc innerLoginDiv fr\" data-id=\"525d13fc\" data-element_type=\"column\" id=\"innerLoginDiv2\" data-settings=\"{&quot;background_background&quot;:&quot;gradient&quot;}\">\n\t\t\t<div class=\"elementor-widget-wrap elementor-element-populated\">\n\t\t\t\t\t\t<div class=\"elementor-element elementor-element-1919fce1 elementor-widget elementor-widget-image\" data-id=\"1919fce1\" data-element_type=\"widget\" data-widget_type=\"image.default\">\n\t\t\t\t<div class=\"elementor-widget-container\">\n\t\t\t\t\t\t\t\t\t\t\t\t\t\t\t<img fetchpriority=\"high\" decoding=\"async\" width=\"500\" height=\"334\" src=\"https:\/\/incyteonco.ca\/wp-content\/uploads\/2022\/04\/Incyte-wht-logo.png\" class=\"attachment-full size-full wp-image-444\" alt=\"\" srcset=\"https:\/\/incyteonco.ca\/wp-content\/uploads\/2022\/04\/Incyte-wht-logo.png 500w, https:\/\/incyteonco.ca\/wp-content\/uploads\/2022\/04\/Incyte-wht-logo-300x200.png 300w\" sizes=\"(max-width: 500px) 100vw, 500px\" \/>\t\t\t\t\t\t\t\t\t\t\t\t\t\t\t<\/div>\n\t\t\t\t<\/div>\n\t\t\t\t<div class=\"elementor-element elementor-element-99e60a8 elementor-widget elementor-widget-heading\" data-id=\"99e60a8\" data-element_type=\"widget\" data-widget_type=\"heading.default\">\n\t\t\t\t<div class=\"elementor-widget-container\">\n\t\t\t\t\t<h2 class=\"elementor-heading-title elementor-size-default\"><span style=\"color:white\">VOUS \u00caTES UN PROFESSIONNEL DE LA SANT\u00c9?<\/span><\/h2>\t\t\t\t<\/div>\n\t\t\t\t<\/div>\n\t\t\t\t<div class=\"elementor-element elementor-element-724461ca elementor-widget elementor-widget-text-editor\" data-id=\"724461ca\" data-element_type=\"widget\" data-widget_type=\"text-editor.default\">\n\t\t\t\t<div class=\"elementor-widget-container\">\n\t\t\t\t\t\t\t\t\t<h4 style=\"margin: 0;\"><span style=\"color: white;\">Ce site Web s\u2019adresse exclusivement aux professionnels de la sant\u00e9 du Canada.<\/span><\/h4>\t\t\t\t\t\t\t\t<\/div>\n\t\t\t\t<\/div>\n\t\t\t\t<div class=\"elementor-element elementor-element-16840385 elementor-widget elementor-widget-text-editor\" data-id=\"16840385\" data-element_type=\"widget\" data-widget_type=\"text-editor.default\">\n\t\t\t\t<div class=\"elementor-widget-container\">\n\t\t\t\t\t\t\t\t\t<h4 style=\"margin: 0;\"><span style=\"color: white;\">Veuillez entrer votre num\u00e9ro de permis d\u2019exercice dans le champ ci-dessous.<\/span><\/h4>\t\t\t\t\t\t\t\t<\/div>\n\t\t\t\t<\/div>\n\t\t\t\t<div class=\"elementor-element elementor-element-415ec3ff elementor-widget elementor-widget-text-editor\" data-id=\"415ec3ff\" data-element_type=\"widget\" data-widget_type=\"text-editor.default\">\n\t\t\t\t<div class=\"elementor-widget-container\">\n\t\t\t\t\t\t\t\t\t<form class=\"lic_login license_form_mob\" action=\"https:\/\/incyteonco.ca\/fr\/home\/\" method=\"post\">\n<div class=\"lic_no\"><input class=\"input\" name=\"license_number\" required=\"\" type=\"text\" placeholder=\"Num\u00e9ro de permis d\u2019exercice\" \/><\/div>\n<div class=\"email\"><input class=\"input\" name=\"license_email\" type=\"email\" placeholder=\"Adresse courriel (optionnel)\" \/><\/div>\n<div class=\"checkbox\" style=\"margin-bottom: 20px;\"><input name=\"vehicle1\" type=\"checkbox\" value=\"subscribe\" \/><label for=\"subscribe\"> J&rsquo;aimerais recevoir les prochaines mises \u00e0 jour et d&rsquo;autres ressources d&rsquo;Incyte.<\/label><\/div>\n<div class=\"sub_btn\"><input class=\"btn submit-license-btn\" type=\"submit\" value=\"Soumettre\" \/><\/div>\n<\/form>\t\t\t\t\t\t\t\t<\/div>\n\t\t\t\t<\/div>\n\t\t\t\t<div class=\"elementor-element elementor-element-2cc9539d login2 elementor-widget elementor-widget-html\" data-id=\"2cc9539d\" data-element_type=\"widget\" data-widget_type=\"html.default\">\n\t\t\t\t<div class=\"elementor-widget-container\">\n\t\t\t\t\t&nbsp;\t\t\t\t<\/div>\n\t\t\t\t<\/div>\n\t\t\t\t\t<\/div>\n\t\t<\/div>\n\t\t\t\t<div class=\"elementor-column elementor-col-50 elementor-inner-column elementor-element elementor-element-641a588d innerLoginDiv\" data-id=\"641a588d\" data-element_type=\"column\" data-settings=\"{&quot;background_background&quot;:&quot;gradient&quot;}\">\n\t\t\t<div class=\"elementor-widget-wrap elementor-element-populated\">\n\t\t\t\t\t\t<div class=\"elementor-element elementor-element-537122e3 elementor-widget elementor-widget-image\" data-id=\"537122e3\" data-element_type=\"widget\" data-widget_type=\"image.default\">\n\t\t\t\t<div class=\"elementor-widget-container\">\n\t\t\t\t\t\t\t\t\t\t\t\t\t\t\t<img decoding=\"async\" width=\"2500\" height=\"1306\" src=\"https:\/\/incyteonco.ca\/wp-content\/uploads\/2025\/09\/home-bg.jpg\" class=\"attachment-full size-full wp-image-1651\" alt=\"\" srcset=\"https:\/\/incyteonco.ca\/wp-content\/uploads\/2025\/09\/home-bg.jpg 2500w, https:\/\/incyteonco.ca\/wp-content\/uploads\/2025\/09\/home-bg-300x157.jpg 300w, https:\/\/incyteonco.ca\/wp-content\/uploads\/2025\/09\/home-bg-1024x535.jpg 1024w, https:\/\/incyteonco.ca\/wp-content\/uploads\/2025\/09\/home-bg-768x401.jpg 768w, https:\/\/incyteonco.ca\/wp-content\/uploads\/2025\/09\/home-bg-1536x802.jpg 1536w, https:\/\/incyteonco.ca\/wp-content\/uploads\/2025\/09\/home-bg-2048x1070.jpg 2048w\" sizes=\"(max-width: 2500px) 100vw, 2500px\" \/>\t\t\t\t\t\t\t\t\t\t\t\t\t\t\t<\/div>\n\t\t\t\t<\/div>\n\t\t\t\t\t<\/div>\n\t\t<\/div>\n\t\t\t\t\t<\/div>\n\t\t<\/section>\n\t\t\t\t\t<\/div>\n\t\t<\/div>\n\t\t\t\t\t<\/div>\n\t\t<\/section>\n\t\t\t\t<\/div>\n\t\t","protected":false},"excerpt":{"rendered":"<p>&nbsp; VOUS \u00caTES UN PROFESSIONNEL DE LA SANT\u00c9? Ce site Web s\u2019adresse exclusivement aux professionnels de la sant\u00e9 du Canada. Veuillez entrer votre num\u00e9ro de permis d\u2019exercice dans le champ ci-dessous. J&rsquo;aimerais recevoir les prochaines mises \u00e0 jour et d&rsquo;autres ressources d&rsquo;Incyte. VOUS \u00caTES UN PROFESSIONNEL DE LA SANT\u00c9? Ce site Web s\u2019adresse exclusivement aux [&hellip;]<\/p>\n","protected":false},"author":1,"featured_media":0,"parent":0,"menu_order":0,"comment_status":"closed","ping_status":"closed","template":"elementor_header_footer","meta":{"footnotes":""},"class_list":["post-455","page","type-page","status-publish","hentry"],"yoast_head":"<!-- This site is optimized with the Yoast SEO plugin v26.8 - https:\/\/yoast.com\/product\/yoast-seo-wordpress\/ -->\n<title>Login - INCYTE<\/title>\n<meta name=\"robots\" content=\"noindex, follow, max-snippet:-1, max-image-preview:large, max-video-preview:-1\" \/>\n<meta property=\"og:locale\" content=\"fr_FR\" \/>\n<meta property=\"og:type\" content=\"article\" \/>\n<meta property=\"og:title\" content=\"Login - INCYTE\" \/>\n<meta property=\"og:description\" content=\"&nbsp; VOUS \u00caTES UN PROFESSIONNEL DE LA SANT\u00c9? Ce site Web s\u2019adresse exclusivement aux professionnels de la sant\u00e9 du Canada. Veuillez entrer votre num\u00e9ro de permis d\u2019exercice dans le champ ci-dessous. J&rsquo;aimerais recevoir les prochaines mises \u00e0 jour et d&rsquo;autres ressources d&rsquo;Incyte. VOUS \u00caTES UN PROFESSIONNEL DE LA SANT\u00c9? Ce site Web s\u2019adresse exclusivement aux [&hellip;]\" \/>\n<meta property=\"og:url\" content=\"https:\/\/incyteonco.ca\/fr\/login\/\" \/>\n<meta property=\"og:site_name\" content=\"INCYTE\" \/>\n<meta property=\"article:modified_time\" content=\"2025-09-24T06:10:53+00:00\" \/>\n<meta property=\"og:image\" content=\"https:\/\/incyteonco.ca\/wp-content\/uploads\/2022\/04\/Incyte-wht-logo.png\" \/>\n\t<meta property=\"og:image:width\" content=\"500\" \/>\n\t<meta property=\"og:image:height\" content=\"334\" \/>\n\t<meta property=\"og:image:type\" content=\"image\/png\" \/>\n<meta name=\"twitter:card\" content=\"summary_large_image\" \/>\n<script type=\"application\/ld+json\" class=\"yoast-schema-graph\">{\"@context\":\"https:\/\/schema.org\",\"@graph\":[{\"@type\":\"WebPage\",\"@id\":\"https:\/\/incyteonco.ca\/fr\/login\/\",\"url\":\"https:\/\/incyteonco.ca\/fr\/login\/\",\"name\":\"Login - INCYTE\",\"isPartOf\":{\"@id\":\"https:\/\/incyteonco.ca\/#website\"},\"primaryImageOfPage\":{\"@id\":\"https:\/\/incyteonco.ca\/fr\/login\/#primaryimage\"},\"image\":{\"@id\":\"https:\/\/incyteonco.ca\/fr\/login\/#primaryimage\"},\"thumbnailUrl\":\"https:\/\/incyteonco.ca\/wp-content\/uploads\/2022\/04\/Incyte-wht-logo.png\",\"datePublished\":\"2022-04-11T07:54:03+00:00\",\"dateModified\":\"2025-09-24T06:10:53+00:00\",\"breadcrumb\":{\"@id\":\"https:\/\/incyteonco.ca\/fr\/login\/#breadcrumb\"},\"inLanguage\":\"fr-FR\",\"potentialAction\":[{\"@type\":\"ReadAction\",\"target\":[\"https:\/\/incyteonco.ca\/fr\/login\/\"]}]},{\"@type\":\"ImageObject\",\"inLanguage\":\"fr-FR\",\"@id\":\"https:\/\/incyteonco.ca\/fr\/login\/#primaryimage\",\"url\":\"https:\/\/incyteonco.ca\/wp-content\/uploads\/2022\/04\/Incyte-wht-logo.png\",\"contentUrl\":\"https:\/\/incyteonco.ca\/wp-content\/uploads\/2022\/04\/Incyte-wht-logo.png\"},{\"@type\":\"BreadcrumbList\",\"@id\":\"https:\/\/incyteonco.ca\/fr\/login\/#breadcrumb\",\"itemListElement\":[{\"@type\":\"ListItem\",\"position\":1,\"name\":\"Home\",\"item\":\"https:\/\/incyteonco.ca\/fr\/login\/\"},{\"@type\":\"ListItem\",\"position\":2,\"name\":\"Login\"}]},{\"@type\":\"WebSite\",\"@id\":\"https:\/\/incyteonco.ca\/#website\",\"url\":\"https:\/\/incyteonco.ca\/\",\"name\":\"INCYTE\",\"description\":\"Resource hub for Incyte Biosciences Canada\",\"publisher\":{\"@id\":\"https:\/\/incyteonco.ca\/#organization\"},\"potentialAction\":[{\"@type\":\"SearchAction\",\"target\":{\"@type\":\"EntryPoint\",\"urlTemplate\":\"https:\/\/incyteonco.ca\/?s={search_term_string}\"},\"query-input\":{\"@type\":\"PropertyValueSpecification\",\"valueRequired\":true,\"valueName\":\"search_term_string\"}}],\"inLanguage\":\"fr-FR\"},{\"@type\":\"Organization\",\"@id\":\"https:\/\/incyteonco.ca\/#organization\",\"name\":\"INCYTE\",\"url\":\"https:\/\/incyteonco.ca\/\",\"logo\":{\"@type\":\"ImageObject\",\"inLanguage\":\"fr-FR\",\"@id\":\"https:\/\/incyteonco.ca\/#\/schema\/logo\/image\/\",\"url\":\"https:\/\/incyteonco.ca\/wp-content\/uploads\/2026\/01\/Incyte-logo.png\",\"contentUrl\":\"https:\/\/incyteonco.ca\/wp-content\/uploads\/2026\/01\/Incyte-logo.png\",\"width\":250,\"height\":167,\"caption\":\"INCYTE\"},\"image\":{\"@id\":\"https:\/\/incyteonco.ca\/#\/schema\/logo\/image\/\"}}]}<\/script>\n<!-- \/ Yoast SEO plugin. -->","yoast_head_json":{"title":"Login - INCYTE","robots":{"index":"noindex","follow":"follow","max-snippet":"max-snippet:-1","max-image-preview":"max-image-preview:large","max-video-preview":"max-video-preview:-1"},"og_locale":"fr_FR","og_type":"article","og_title":"Login - INCYTE","og_description":"&nbsp; VOUS \u00caTES UN PROFESSIONNEL DE LA SANT\u00c9? Ce site Web s\u2019adresse exclusivement aux professionnels de la sant\u00e9 du Canada. Veuillez entrer votre num\u00e9ro de permis d\u2019exercice dans le champ ci-dessous. J&rsquo;aimerais recevoir les prochaines mises \u00e0 jour et d&rsquo;autres ressources d&rsquo;Incyte. VOUS \u00caTES UN PROFESSIONNEL DE LA SANT\u00c9? Ce site Web s\u2019adresse exclusivement aux [&hellip;]","og_url":"https:\/\/incyteonco.ca\/fr\/login\/","og_site_name":"INCYTE","article_modified_time":"2025-09-24T06:10:53+00:00","og_image":[{"width":500,"height":334,"url":"https:\/\/incyteonco.ca\/wp-content\/uploads\/2022\/04\/Incyte-wht-logo.png","type":"image\/png"}],"twitter_card":"summary_large_image","schema":{"@context":"https:\/\/schema.org","@graph":[{"@type":"WebPage","@id":"https:\/\/incyteonco.ca\/fr\/login\/","url":"https:\/\/incyteonco.ca\/fr\/login\/","name":"Login - INCYTE","isPartOf":{"@id":"https:\/\/incyteonco.ca\/#website"},"primaryImageOfPage":{"@id":"https:\/\/incyteonco.ca\/fr\/login\/#primaryimage"},"image":{"@id":"https:\/\/incyteonco.ca\/fr\/login\/#primaryimage"},"thumbnailUrl":"https:\/\/incyteonco.ca\/wp-content\/uploads\/2022\/04\/Incyte-wht-logo.png","datePublished":"2022-04-11T07:54:03+00:00","dateModified":"2025-09-24T06:10:53+00:00","breadcrumb":{"@id":"https:\/\/incyteonco.ca\/fr\/login\/#breadcrumb"},"inLanguage":"fr-FR","potentialAction":[{"@type":"ReadAction","target":["https:\/\/incyteonco.ca\/fr\/login\/"]}]},{"@type":"ImageObject","inLanguage":"fr-FR","@id":"https:\/\/incyteonco.ca\/fr\/login\/#primaryimage","url":"https:\/\/incyteonco.ca\/wp-content\/uploads\/2022\/04\/Incyte-wht-logo.png","contentUrl":"https:\/\/incyteonco.ca\/wp-content\/uploads\/2022\/04\/Incyte-wht-logo.png"},{"@type":"BreadcrumbList","@id":"https:\/\/incyteonco.ca\/fr\/login\/#breadcrumb","itemListElement":[{"@type":"ListItem","position":1,"name":"Home","item":"https:\/\/incyteonco.ca\/fr\/login\/"},{"@type":"ListItem","position":2,"name":"Login"}]},{"@type":"WebSite","@id":"https:\/\/incyteonco.ca\/#website","url":"https:\/\/incyteonco.ca\/","name":"INCYTE","description":"Resource hub for Incyte Biosciences Canada","publisher":{"@id":"https:\/\/incyteonco.ca\/#organization"},"potentialAction":[{"@type":"SearchAction","target":{"@type":"EntryPoint","urlTemplate":"https:\/\/incyteonco.ca\/?s={search_term_string}"},"query-input":{"@type":"PropertyValueSpecification","valueRequired":true,"valueName":"search_term_string"}}],"inLanguage":"fr-FR"},{"@type":"Organization","@id":"https:\/\/incyteonco.ca\/#organization","name":"INCYTE","url":"https:\/\/incyteonco.ca\/","logo":{"@type":"ImageObject","inLanguage":"fr-FR","@id":"https:\/\/incyteonco.ca\/#\/schema\/logo\/image\/","url":"https:\/\/incyteonco.ca\/wp-content\/uploads\/2026\/01\/Incyte-logo.png","contentUrl":"https:\/\/incyteonco.ca\/wp-content\/uploads\/2026\/01\/Incyte-logo.png","width":250,"height":167,"caption":"INCYTE"},"image":{"@id":"https:\/\/incyteonco.ca\/#\/schema\/logo\/image\/"}}]}},"_links":{"self":[{"href":"https:\/\/incyteonco.ca\/fr\/wp-json\/wp\/v2\/pages\/455","targetHints":{"allow":["GET"]}}],"collection":[{"href":"https:\/\/incyteonco.ca\/fr\/wp-json\/wp\/v2\/pages"}],"about":[{"href":"https:\/\/incyteonco.ca\/fr\/wp-json\/wp\/v2\/types\/page"}],"author":[{"embeddable":true,"href":"https:\/\/incyteonco.ca\/fr\/wp-json\/wp\/v2\/users\/1"}],"replies":[{"embeddable":true,"href":"https:\/\/incyteonco.ca\/fr\/wp-json\/wp\/v2\/comments?post=455"}],"version-history":[{"count":38,"href":"https:\/\/incyteonco.ca\/fr\/wp-json\/wp\/v2\/pages\/455\/revisions"}],"predecessor-version":[{"id":1677,"href":"https:\/\/incyteonco.ca\/fr\/wp-json\/wp\/v2\/pages\/455\/revisions\/1677"}],"wp:attachment":[{"href":"https:\/\/incyteonco.ca\/fr\/wp-json\/wp\/v2\/media?parent=455"}],"curies":[{"name":"wp","href":"https:\/\/api.w.org\/{rel}","templated":true}]}}