{"id":428,"date":"2022-04-07T12:02:08","date_gmt":"2022-04-07T12:02:08","guid":{"rendered":"https:\/\/incyteonco.ca\/welcome\/"},"modified":"2025-10-09T13:41:00","modified_gmt":"2025-10-09T13:41:00","slug":"accueil","status":"publish","type":"page","link":"https:\/\/incyteonco.ca\/fr\/accueil\/","title":{"rendered":"ACCUEIL"},"content":{"rendered":"\t\t<div data-elementor-type=\"wp-page\" data-elementor-id=\"428\" class=\"elementor elementor-428\">\n\t\t\t\t\t\t<section class=\"elementor-section elementor-top-section elementor-element elementor-element-1cc7c0a elementor-section-full_width elementor-section-height-default elementor-section-height-default\" data-id=\"1cc7c0a\" data-element_type=\"section\">\n\t\t\t\t\t\t<div class=\"elementor-container elementor-column-gap-default\">\n\t\t\t\t\t<div class=\"elementor-column elementor-col-100 elementor-top-column elementor-element elementor-element-fee1afc\" data-id=\"fee1afc\" data-element_type=\"column\">\n\t\t\t<div class=\"elementor-widget-wrap elementor-element-populated\">\n\t\t\t\t\t\t<section class=\"elementor-section elementor-inner-section elementor-element elementor-element-d8b37e7 elementor-section-boxed elementor-section-height-default elementor-section-height-default\" data-id=\"d8b37e7\" data-element_type=\"section\">\n\t\t\t\t\t\t<div class=\"elementor-container elementor-column-gap-default\">\n\t\t\t\t\t<div class=\"elementor-column elementor-col-100 elementor-inner-column elementor-element elementor-element-a307e7b\" data-id=\"a307e7b\" data-element_type=\"column\">\n\t\t\t<div class=\"elementor-widget-wrap elementor-element-populated\">\n\t\t\t\t\t\t<div class=\"elementor-element elementor-element-7f37997 elementor-widget elementor-widget-heading\" data-id=\"7f37997\" data-element_type=\"widget\" data-widget_type=\"heading.default\">\n\t\t\t\t<div class=\"elementor-widget-container\">\n\t\t\t\t\t<h2 class=\"elementor-heading-title elementor-size-default\"><span style=\"color: white\">Bienvenue au centre de ressources d\u2019Incyte Biosciences Canada<\/span><\/h2>\t\t\t\t<\/div>\n\t\t\t\t<\/div>\n\t\t\t\t<div class=\"elementor-element elementor-element-a284025 elementor-widget elementor-widget-heading\" data-id=\"a284025\" data-element_type=\"widget\" data-widget_type=\"heading.default\">\n\t\t\t\t<div class=\"elementor-widget-container\">\n\t\t\t\t\t<h4 class=\"elementor-heading-title elementor-size-default\"><span style=\"color: white\">Chez Incyte, nous nous consacrons \u00e0 d\u00e9couvrir, \u00e0 mettre au point et \u00e0 commercialiser des options th\u00e9rapeutiques pour des maladies graves. Notre centre de ressources est con\u00e7u pour vous aider, vous et vos patients, en mettant \u00e0 votre disposition les outils t\u00e9l\u00e9chargeables les plus \u00e0 jour sur nos produits<sup>1<\/sup>.<\/span><\/h4>\t\t\t\t<\/div>\n\t\t\t\t<\/div>\n\t\t\t\t<div class=\"elementor-element elementor-element-e879b0e elementor-widget-divider--view-line elementor-widget elementor-widget-divider\" data-id=\"e879b0e\" data-element_type=\"widget\" data-widget_type=\"divider.default\">\n\t\t\t\t<div class=\"elementor-widget-container\">\n\t\t\t\t\t\t\t<div class=\"elementor-divider\">\n\t\t\t<span class=\"elementor-divider-separator\">\n\t\t\t\t\t\t<\/span>\n\t\t<\/div>\n\t\t\t\t\t\t<\/div>\n\t\t\t\t<\/div>\n\t\t\t\t<div class=\"elementor-element elementor-element-9fea9dc elementor-widget elementor-widget-heading\" data-id=\"9fea9dc\" data-element_type=\"widget\" data-widget_type=\"heading.default\">\n\t\t\t\t<div class=\"elementor-widget-container\">\n\t\t\t\t\t<h2 class=\"elementor-heading-title elementor-size-default\"><span style=\"color: white\">S\u00e9lectionnez le produit qui vous int\u00e9resse aujourd\u2019hui :<\/span><\/h2>\t\t\t\t<\/div>\n\t\t\t\t<\/div>\n\t\t\t\t\t<\/div>\n\t\t<\/div>\n\t\t\t\t\t<\/div>\n\t\t<\/section>\n\t\t\t\t<section class=\"elementor-section elementor-inner-section elementor-element elementor-element-9368195 elementor-section-boxed elementor-section-height-default elementor-section-height-default\" data-id=\"9368195\" data-element_type=\"section\">\n\t\t\t\t\t\t<div class=\"elementor-container elementor-column-gap-wider\">\n\t\t\t\t\t<div class=\"elementor-column elementor-col-33 elementor-inner-column elementor-element elementor-element-e218261\" data-id=\"e218261\" data-element_type=\"column\">\n\t\t\t<div class=\"elementor-widget-wrap elementor-element-populated\">\n\t\t\t\t\t\t<div class=\"elementor-element elementor-element-3e68f56 elementor-widget elementor-widget-image\" data-id=\"3e68f56\" data-element_type=\"widget\" data-widget_type=\"image.default\">\n\t\t\t\t<div class=\"elementor-widget-container\">\n\t\t\t\t\t\t\t\t\t\t\t\t\t\t\t<img fetchpriority=\"high\" decoding=\"async\" width=\"723\" height=\"269\" src=\"https:\/\/incyteonco.ca\/wp-content\/uploads\/2023\/01\/Pemazyre_Logo-Canada_Nouveau_F.png\" class=\"attachment-full size-full wp-image-1187\" alt=\"\" srcset=\"https:\/\/incyteonco.ca\/wp-content\/uploads\/2023\/01\/Pemazyre_Logo-Canada_Nouveau_F.png 723w, https:\/\/incyteonco.ca\/wp-content\/uploads\/2023\/01\/Pemazyre_Logo-Canada_Nouveau_F-300x112.png 300w\" sizes=\"(max-width: 723px) 100vw, 723px\" \/>\t\t\t\t\t\t\t\t\t\t\t\t\t\t\t<\/div>\n\t\t\t\t<\/div>\n\t\t\t\t<div class=\"elementor-element elementor-element-bd5861b elementor-align-center home_btn elementor-widget elementor-widget-button\" data-id=\"bd5861b\" data-element_type=\"widget\" data-widget_type=\"button.default\">\n\t\t\t\t<div class=\"elementor-widget-container\">\n\t\t\t\t\t\t\t\t\t<div class=\"elementor-button-wrapper\">\n\t\t\t\t\t<a class=\"elementor-button elementor-button-link elementor-size-sm\" href=\"https:\/\/incyteonco.ca\/fr\/pemazyre-hcp\/\">\n\t\t\t\t\t\t<span class=\"elementor-button-content-wrapper\">\n\t\t\t\t\t\t\t\t\t<span class=\"elementor-button-text\">Entrer<\/span>\n\t\t\t\t\t<\/span>\n\t\t\t\t\t<\/a>\n\t\t\t\t<\/div>\n\t\t\t\t\t\t\t\t<\/div>\n\t\t\t\t<\/div>\n\t\t\t\t\t<\/div>\n\t\t<\/div>\n\t\t\t\t<div class=\"elementor-column elementor-col-33 elementor-inner-column elementor-element elementor-element-6253428\" data-id=\"6253428\" data-element_type=\"column\">\n\t\t\t<div class=\"elementor-widget-wrap elementor-element-populated\">\n\t\t\t\t\t\t<div class=\"elementor-element elementor-element-22818e7 elementor-widget elementor-widget-image\" data-id=\"22818e7\" data-element_type=\"widget\" data-widget_type=\"image.default\">\n\t\t\t\t<div class=\"elementor-widget-container\">\n\t\t\t\t\t\t\t\t\t\t\t\t\t\t\t<img decoding=\"async\" width=\"500\" height=\"266\" src=\"https:\/\/incyteonco.ca\/wp-content\/uploads\/2025\/10\/MINJUVI_LogoDosage_MD_FR.png\" class=\"attachment-full size-full wp-image-2161\" alt=\"\" srcset=\"https:\/\/incyteonco.ca\/wp-content\/uploads\/2025\/10\/MINJUVI_LogoDosage_MD_FR.png 500w, https:\/\/incyteonco.ca\/wp-content\/uploads\/2025\/10\/MINJUVI_LogoDosage_MD_FR-300x160.png 300w\" sizes=\"(max-width: 500px) 100vw, 500px\" \/>\t\t\t\t\t\t\t\t\t\t\t\t\t\t\t<\/div>\n\t\t\t\t<\/div>\n\t\t\t\t<div class=\"elementor-element elementor-element-d405745 elementor-align-center home_btn elementor-widget elementor-widget-button\" data-id=\"d405745\" data-element_type=\"widget\" data-widget_type=\"button.default\">\n\t\t\t\t<div class=\"elementor-widget-container\">\n\t\t\t\t\t\t\t\t\t<div class=\"elementor-button-wrapper\">\n\t\t\t\t\t<a class=\"elementor-button elementor-button-link elementor-size-sm\" href=\"https:\/\/incyteonco.ca\/fr\/minjuvi-hcp\/\">\n\t\t\t\t\t\t<span class=\"elementor-button-content-wrapper\">\n\t\t\t\t\t\t\t\t\t<span class=\"elementor-button-text\">Entrer<\/span>\n\t\t\t\t\t<\/span>\n\t\t\t\t\t<\/a>\n\t\t\t\t<\/div>\n\t\t\t\t\t\t\t\t<\/div>\n\t\t\t\t<\/div>\n\t\t\t\t\t<\/div>\n\t\t<\/div>\n\t\t\t\t<div class=\"elementor-column elementor-col-33 elementor-inner-column elementor-element elementor-element-85c1079\" data-id=\"85c1079\" data-element_type=\"column\">\n\t\t\t<div class=\"elementor-widget-wrap elementor-element-populated\">\n\t\t\t\t\t\t<div class=\"elementor-element elementor-element-4aacbf1 elementor-widget elementor-widget-image\" data-id=\"4aacbf1\" data-element_type=\"widget\" data-widget_type=\"image.default\">\n\t\t\t\t<div class=\"elementor-widget-container\">\n\t\t\t\t\t\t\t\t\t\t\t\t\t\t\t<img decoding=\"async\" width=\"1525\" height=\"993\" src=\"https:\/\/incyteonco.ca\/wp-content\/uploads\/2025\/09\/ZYNYZ_Logo_Canada_Nouveau_F_KO.png\" class=\"attachment-full size-full wp-image-1370\" alt=\"\" srcset=\"https:\/\/incyteonco.ca\/wp-content\/uploads\/2025\/09\/ZYNYZ_Logo_Canada_Nouveau_F_KO.png 1525w, https:\/\/incyteonco.ca\/wp-content\/uploads\/2025\/09\/ZYNYZ_Logo_Canada_Nouveau_F_KO-300x195.png 300w, https:\/\/incyteonco.ca\/wp-content\/uploads\/2025\/09\/ZYNYZ_Logo_Canada_Nouveau_F_KO-1024x667.png 1024w, https:\/\/incyteonco.ca\/wp-content\/uploads\/2025\/09\/ZYNYZ_Logo_Canada_Nouveau_F_KO-768x500.png 768w\" sizes=\"(max-width: 1525px) 100vw, 1525px\" \/>\t\t\t\t\t\t\t\t\t\t\t\t\t\t\t<\/div>\n\t\t\t\t<\/div>\n\t\t\t\t<div class=\"elementor-element elementor-element-6e0d8ef elementor-align-center home_btn elementor-widget elementor-widget-button\" data-id=\"6e0d8ef\" data-element_type=\"widget\" data-widget_type=\"button.default\">\n\t\t\t\t<div class=\"elementor-widget-container\">\n\t\t\t\t\t\t\t\t\t<div class=\"elementor-button-wrapper\">\n\t\t\t\t\t<a class=\"elementor-button elementor-button-link elementor-size-sm\" href=\"https:\/\/incyteonco.ca\/fr\/zynyz-hcp\/\">\n\t\t\t\t\t\t<span class=\"elementor-button-content-wrapper\">\n\t\t\t\t\t\t\t\t\t<span class=\"elementor-button-text\">Entrer<\/span>\n\t\t\t\t\t<\/span>\n\t\t\t\t\t<\/a>\n\t\t\t\t<\/div>\n\t\t\t\t\t\t\t\t<\/div>\n\t\t\t\t<\/div>\n\t\t\t\t\t<\/div>\n\t\t<\/div>\n\t\t\t\t\t<\/div>\n\t\t<\/section>\n\t\t\t\t<section class=\"elementor-section elementor-inner-section elementor-element elementor-element-8a0c923 elementor-section-boxed elementor-section-height-default elementor-section-height-default\" data-id=\"8a0c923\" data-element_type=\"section\">\n\t\t\t\t\t\t<div class=\"elementor-container elementor-column-gap-wider\">\n\t\t\t\t\t<div class=\"elementor-column elementor-col-100 elementor-inner-column elementor-element elementor-element-0a69a80\" data-id=\"0a69a80\" data-element_type=\"column\">\n\t\t\t<div class=\"elementor-widget-wrap elementor-element-populated\">\n\t\t\t\t\t\t<div class=\"elementor-element elementor-element-551a182 elementor-widget elementor-widget-heading\" data-id=\"551a182\" data-element_type=\"widget\" data-widget_type=\"heading.default\">\n\t\t\t\t<div class=\"elementor-widget-container\">\n\t\t\t\t\t<h4 class=\"elementor-heading-title elementor-size-small\"><span style=\"color: white\"><b>R\u00e9f\u00e9rence :<\/b> 1. Cision. Communiqu\u00e9 de presse d\u2019Incyte Biosciences. Consult\u00e9 le 16 juin 2025. <\/span><\/h4>\t\t\t\t<\/div>\n\t\t\t\t<\/div>\n\t\t\t\t\t<\/div>\n\t\t<\/div>\n\t\t\t\t\t<\/div>\n\t\t<\/section>\n\t\t\t\t\t<\/div>\n\t\t<\/div>\n\t\t\t\t\t<\/div>\n\t\t<\/section>\n\t\t\t\t<\/div>\n\t\t","protected":false},"excerpt":{"rendered":"<p>Bienvenue au centre de ressources d\u2019Incyte Biosciences Canada Chez Incyte, nous nous consacrons \u00e0 d\u00e9couvrir, \u00e0 mettre au point et \u00e0 commercialiser des options th\u00e9rapeutiques pour des maladies graves. Notre centre de ressources est con\u00e7u pour vous aider, vous et vos patients, en mettant \u00e0 votre disposition les outils t\u00e9l\u00e9chargeables les plus \u00e0 jour sur [&hellip;]<\/p>\n","protected":false},"author":1,"featured_media":0,"parent":0,"menu_order":0,"comment_status":"closed","ping_status":"closed","template":"elementor_header_footer","meta":{"footnotes":""},"class_list":["post-428","page","type-page","status-publish","hentry"],"yoast_head":"<!-- This site is optimized with the Yoast SEO plugin v26.8 - https:\/\/yoast.com\/product\/yoast-seo-wordpress\/ -->\n<title>ACCUEIL - INCYTE<\/title>\n<meta name=\"robots\" content=\"noindex, follow, max-snippet:-1, max-image-preview:large, max-video-preview:-1\" \/>\n<meta property=\"og:locale\" content=\"fr_FR\" \/>\n<meta property=\"og:type\" content=\"article\" \/>\n<meta property=\"og:title\" content=\"ACCUEIL - INCYTE\" \/>\n<meta property=\"og:description\" content=\"Bienvenue au centre de ressources d\u2019Incyte Biosciences Canada Chez Incyte, nous nous consacrons \u00e0 d\u00e9couvrir, \u00e0 mettre au point et \u00e0 commercialiser des options th\u00e9rapeutiques pour des maladies graves. Notre centre de ressources est con\u00e7u pour vous aider, vous et vos patients, en mettant \u00e0 votre disposition les outils t\u00e9l\u00e9chargeables les plus \u00e0 jour sur [&hellip;]\" \/>\n<meta property=\"og:url\" content=\"https:\/\/incyteonco.ca\/fr\/accueil\/\" \/>\n<meta property=\"og:site_name\" content=\"INCYTE\" \/>\n<meta property=\"article:modified_time\" content=\"2025-10-09T13:41:00+00:00\" \/>\n<meta property=\"og:image\" content=\"https:\/\/incyteonco.ca\/wp-content\/uploads\/2023\/01\/Pemazyre_Logo-Canada_Nouveau_F.png\" \/>\n\t<meta property=\"og:image:width\" content=\"723\" \/>\n\t<meta property=\"og:image:height\" content=\"269\" \/>\n\t<meta property=\"og:image:type\" content=\"image\/png\" \/>\n<meta name=\"twitter:card\" content=\"summary_large_image\" \/>\n<script type=\"application\/ld+json\" class=\"yoast-schema-graph\">{\"@context\":\"https:\/\/schema.org\",\"@graph\":[{\"@type\":\"WebPage\",\"@id\":\"https:\/\/incyteonco.ca\/fr\/accueil\/\",\"url\":\"https:\/\/incyteonco.ca\/fr\/accueil\/\",\"name\":\"ACCUEIL - INCYTE\",\"isPartOf\":{\"@id\":\"https:\/\/incyteonco.ca\/#website\"},\"primaryImageOfPage\":{\"@id\":\"https:\/\/incyteonco.ca\/fr\/accueil\/#primaryimage\"},\"image\":{\"@id\":\"https:\/\/incyteonco.ca\/fr\/accueil\/#primaryimage\"},\"thumbnailUrl\":\"https:\/\/incyteonco.ca\/wp-content\/uploads\/2023\/01\/Pemazyre_Logo-Canada_Nouveau_F.png\",\"datePublished\":\"2022-04-07T12:02:08+00:00\",\"dateModified\":\"2025-10-09T13:41:00+00:00\",\"breadcrumb\":{\"@id\":\"https:\/\/incyteonco.ca\/fr\/accueil\/#breadcrumb\"},\"inLanguage\":\"fr-FR\",\"potentialAction\":[{\"@type\":\"ReadAction\",\"target\":[\"https:\/\/incyteonco.ca\/fr\/accueil\/\"]}]},{\"@type\":\"ImageObject\",\"inLanguage\":\"fr-FR\",\"@id\":\"https:\/\/incyteonco.ca\/fr\/accueil\/#primaryimage\",\"url\":\"https:\/\/incyteonco.ca\/wp-content\/uploads\/2023\/01\/Pemazyre_Logo-Canada_Nouveau_F.png\",\"contentUrl\":\"https:\/\/incyteonco.ca\/wp-content\/uploads\/2023\/01\/Pemazyre_Logo-Canada_Nouveau_F.png\"},{\"@type\":\"BreadcrumbList\",\"@id\":\"https:\/\/incyteonco.ca\/fr\/accueil\/#breadcrumb\",\"itemListElement\":[{\"@type\":\"ListItem\",\"position\":1,\"name\":\"Home\",\"item\":\"https:\/\/incyteonco.ca\/fr\/login\/\"},{\"@type\":\"ListItem\",\"position\":2,\"name\":\"ACCUEIL\"}]},{\"@type\":\"WebSite\",\"@id\":\"https:\/\/incyteonco.ca\/#website\",\"url\":\"https:\/\/incyteonco.ca\/\",\"name\":\"INCYTE\",\"description\":\"Resource hub for Incyte Biosciences Canada\",\"publisher\":{\"@id\":\"https:\/\/incyteonco.ca\/#organization\"},\"potentialAction\":[{\"@type\":\"SearchAction\",\"target\":{\"@type\":\"EntryPoint\",\"urlTemplate\":\"https:\/\/incyteonco.ca\/?s={search_term_string}\"},\"query-input\":{\"@type\":\"PropertyValueSpecification\",\"valueRequired\":true,\"valueName\":\"search_term_string\"}}],\"inLanguage\":\"fr-FR\"},{\"@type\":\"Organization\",\"@id\":\"https:\/\/incyteonco.ca\/#organization\",\"name\":\"INCYTE\",\"url\":\"https:\/\/incyteonco.ca\/\",\"logo\":{\"@type\":\"ImageObject\",\"inLanguage\":\"fr-FR\",\"@id\":\"https:\/\/incyteonco.ca\/#\/schema\/logo\/image\/\",\"url\":\"https:\/\/incyteonco.ca\/wp-content\/uploads\/2026\/01\/Incyte-logo.png\",\"contentUrl\":\"https:\/\/incyteonco.ca\/wp-content\/uploads\/2026\/01\/Incyte-logo.png\",\"width\":250,\"height\":167,\"caption\":\"INCYTE\"},\"image\":{\"@id\":\"https:\/\/incyteonco.ca\/#\/schema\/logo\/image\/\"}}]}<\/script>\n<!-- \/ Yoast SEO plugin. -->","yoast_head_json":{"title":"ACCUEIL - INCYTE","robots":{"index":"noindex","follow":"follow","max-snippet":"max-snippet:-1","max-image-preview":"max-image-preview:large","max-video-preview":"max-video-preview:-1"},"og_locale":"fr_FR","og_type":"article","og_title":"ACCUEIL - INCYTE","og_description":"Bienvenue au centre de ressources d\u2019Incyte Biosciences Canada Chez Incyte, nous nous consacrons \u00e0 d\u00e9couvrir, \u00e0 mettre au point et \u00e0 commercialiser des options th\u00e9rapeutiques pour des maladies graves. Notre centre de ressources est con\u00e7u pour vous aider, vous et vos patients, en mettant \u00e0 votre disposition les outils t\u00e9l\u00e9chargeables les plus \u00e0 jour sur [&hellip;]","og_url":"https:\/\/incyteonco.ca\/fr\/accueil\/","og_site_name":"INCYTE","article_modified_time":"2025-10-09T13:41:00+00:00","og_image":[{"width":723,"height":269,"url":"https:\/\/incyteonco.ca\/wp-content\/uploads\/2023\/01\/Pemazyre_Logo-Canada_Nouveau_F.png","type":"image\/png"}],"twitter_card":"summary_large_image","schema":{"@context":"https:\/\/schema.org","@graph":[{"@type":"WebPage","@id":"https:\/\/incyteonco.ca\/fr\/accueil\/","url":"https:\/\/incyteonco.ca\/fr\/accueil\/","name":"ACCUEIL - INCYTE","isPartOf":{"@id":"https:\/\/incyteonco.ca\/#website"},"primaryImageOfPage":{"@id":"https:\/\/incyteonco.ca\/fr\/accueil\/#primaryimage"},"image":{"@id":"https:\/\/incyteonco.ca\/fr\/accueil\/#primaryimage"},"thumbnailUrl":"https:\/\/incyteonco.ca\/wp-content\/uploads\/2023\/01\/Pemazyre_Logo-Canada_Nouveau_F.png","datePublished":"2022-04-07T12:02:08+00:00","dateModified":"2025-10-09T13:41:00+00:00","breadcrumb":{"@id":"https:\/\/incyteonco.ca\/fr\/accueil\/#breadcrumb"},"inLanguage":"fr-FR","potentialAction":[{"@type":"ReadAction","target":["https:\/\/incyteonco.ca\/fr\/accueil\/"]}]},{"@type":"ImageObject","inLanguage":"fr-FR","@id":"https:\/\/incyteonco.ca\/fr\/accueil\/#primaryimage","url":"https:\/\/incyteonco.ca\/wp-content\/uploads\/2023\/01\/Pemazyre_Logo-Canada_Nouveau_F.png","contentUrl":"https:\/\/incyteonco.ca\/wp-content\/uploads\/2023\/01\/Pemazyre_Logo-Canada_Nouveau_F.png"},{"@type":"BreadcrumbList","@id":"https:\/\/incyteonco.ca\/fr\/accueil\/#breadcrumb","itemListElement":[{"@type":"ListItem","position":1,"name":"Home","item":"https:\/\/incyteonco.ca\/fr\/login\/"},{"@type":"ListItem","position":2,"name":"ACCUEIL"}]},{"@type":"WebSite","@id":"https:\/\/incyteonco.ca\/#website","url":"https:\/\/incyteonco.ca\/","name":"INCYTE","description":"Resource hub for Incyte Biosciences Canada","publisher":{"@id":"https:\/\/incyteonco.ca\/#organization"},"potentialAction":[{"@type":"SearchAction","target":{"@type":"EntryPoint","urlTemplate":"https:\/\/incyteonco.ca\/?s={search_term_string}"},"query-input":{"@type":"PropertyValueSpecification","valueRequired":true,"valueName":"search_term_string"}}],"inLanguage":"fr-FR"},{"@type":"Organization","@id":"https:\/\/incyteonco.ca\/#organization","name":"INCYTE","url":"https:\/\/incyteonco.ca\/","logo":{"@type":"ImageObject","inLanguage":"fr-FR","@id":"https:\/\/incyteonco.ca\/#\/schema\/logo\/image\/","url":"https:\/\/incyteonco.ca\/wp-content\/uploads\/2026\/01\/Incyte-logo.png","contentUrl":"https:\/\/incyteonco.ca\/wp-content\/uploads\/2026\/01\/Incyte-logo.png","width":250,"height":167,"caption":"INCYTE"},"image":{"@id":"https:\/\/incyteonco.ca\/#\/schema\/logo\/image\/"}}]}},"_links":{"self":[{"href":"https:\/\/incyteonco.ca\/fr\/wp-json\/wp\/v2\/pages\/428","targetHints":{"allow":["GET"]}}],"collection":[{"href":"https:\/\/incyteonco.ca\/fr\/wp-json\/wp\/v2\/pages"}],"about":[{"href":"https:\/\/incyteonco.ca\/fr\/wp-json\/wp\/v2\/types\/page"}],"author":[{"embeddable":true,"href":"https:\/\/incyteonco.ca\/fr\/wp-json\/wp\/v2\/users\/1"}],"replies":[{"embeddable":true,"href":"https:\/\/incyteonco.ca\/fr\/wp-json\/wp\/v2\/comments?post=428"}],"version-history":[{"count":33,"href":"https:\/\/incyteonco.ca\/fr\/wp-json\/wp\/v2\/pages\/428\/revisions"}],"predecessor-version":[{"id":2165,"href":"https:\/\/incyteonco.ca\/fr\/wp-json\/wp\/v2\/pages\/428\/revisions\/2165"}],"wp:attachment":[{"href":"https:\/\/incyteonco.ca\/fr\/wp-json\/wp\/v2\/media?parent=428"}],"curies":[{"name":"wp","href":"https:\/\/api.w.org\/{rel}","templated":true}]}}